{"id":24,"date":"2021-07-16T07:44:41","date_gmt":"2021-07-16T07:44:41","guid":{"rendered":"https:\/\/neuropediatriacarratala.com\/?page_id=24"},"modified":"2021-09-18T19:14:45","modified_gmt":"2021-09-18T19:14:45","slug":"desde-mi-punto-de-vista-from-my-point-of-view","status":"publish","type":"page","link":"https:\/\/neuropediatriacarratala.com\/","title":{"rendered":"Desde mi punto de vista\/From my point of view"},"content":{"rendered":"\n<ul id=\"Mi-punto-de-vista\" class=\"has-white-background-color has-background wp-block-list\"><li><strong><em>Mi punto de vista sobre las cosas tiene las siguientes cualidades:<\/em><\/strong><\/li><\/ul>\n\n\n\n<div class=\"wp-block-image is-style-default wp-duotone-rgb13525169-ffffff-1\"><figure class=\"aligncenter is-resized\"><img loading=\"lazy\" decoding=\"async\" src=\"https:\/\/neuropediatriacarratala.com\/wp-content\/uploads\/2021\/07\/DSC_0044-150x150.jpg\" alt=\"\" width=\"244\" height=\"244\"\/><\/figure><\/div>\n\n\n\n<ul class=\"has-extra-small-font-size wp-block-list\"><li>Es mi punto de vista, no es el de otros, no es el de un grupo, no es el de una ideolog\u00eda, no es el de un credo. Simplemente, es el m\u00edo.<\/li><li>Como es mi punto de vista, seguramente estar\u00e1 influido por mi biograf\u00eda, forma de pensar y creencias.<\/li><li>Dado que esto mismo debe ocurrirle a la mayor\u00eda de las personas del planeta, considero que sus puntos de vista deben tener cualidades similares a el m\u00edo.<\/li><li>Por lo tanto debo intentar comprender y respetar los puntos de vista de los dem\u00e1s.<\/li><li><strong>Espero recibir el mismo trato.<\/strong><\/li><\/ul>\n\n\n\n<p><\/p>\n\n\n\n<p><\/p>\n\n\n\n<p><\/p>\n\n\n\n<p><\/p>\n\n\n\n<p><\/p>\n\n\n\n<div class=\"wp-block-cover alignwide has-green-background-color has-background-dim is-style-twentytwentyone-border\"><div class=\"wp-block-cover__inner-container is-layout-flow wp-block-cover-is-layout-flow\">\n<div style=\"height:20px\" aria-hidden=\"true\" class=\"wp-block-spacer\"><\/div>\n\n\n\n<p class=\"has-huge-font-size\">Conectemos.<\/p>\n\n\n\n<div style=\"height:75px\" aria-hidden=\"true\" class=\"wp-block-spacer\"><\/div>\n\n\n\n<div class=\"wp-block-columns is-layout-flex wp-container-core-columns-is-layout-9d6595d7 wp-block-columns-is-layout-flex\">\n<div class=\"wp-block-column is-layout-flow wp-block-column-is-layout-flow\">\n<p><a href=\"#\" data-type=\"URL\">Twitter<\/a> \/ <a href=\"#\" data-type=\"URL\">Instagram<\/a> \/ <a href=\"#\" data-type=\"URL\">Dribbble<\/a><\/p>\n<\/div>\n\n\n\n<div class=\"wp-block-column is-layout-flow wp-block-column-is-layout-flow\">\n<p><a href=\"#\">example@example.com<\/a><\/p>\n<\/div>\n<\/div>\n\n\n\n<div style=\"height:20px\" aria-hidden=\"true\" class=\"wp-block-spacer\"><\/div>\n<\/div><\/div>\n\n\n\n<p><\/p>\n","protected":false},"excerpt":{"rendered":"<p>Mi punto de vista sobre las cosas tiene las siguientes cualidades: Es mi punto de vista, no es el de otros, no es el de un grupo, no es el de una ideolog\u00eda, no es el de un credo. Simplemente, es el m\u00edo. Como es mi punto de vista, seguramente estar\u00e1 influido por mi biograf\u00eda,&hellip; <a class=\"more-link\" href=\"https:\/\/neuropediatriacarratala.com\/\">Seguir leyendo <span class=\"screen-reader-text\">Desde mi punto de vista\/From my point of view<\/span><\/a><\/p>\n","protected":false},"author":1,"featured_media":0,"parent":0,"menu_order":0,"comment_status":"closed","ping_status":"closed","template":"elementor_theme","meta":{"footnotes":""},"class_list":["post-24","page","type-page","status-publish","hentry","entry"],"_links":{"self":[{"href":"https:\/\/neuropediatriacarratala.com\/index.php\/wp-json\/wp\/v2\/pages\/24","targetHints":{"allow":["GET"]}}],"collection":[{"href":"https:\/\/neuropediatriacarratala.com\/index.php\/wp-json\/wp\/v2\/pages"}],"about":[{"href":"https:\/\/neuropediatriacarratala.com\/index.php\/wp-json\/wp\/v2\/types\/page"}],"author":[{"embeddable":true,"href":"https:\/\/neuropediatriacarratala.com\/index.php\/wp-json\/wp\/v2\/users\/1"}],"replies":[{"embeddable":true,"href":"https:\/\/neuropediatriacarratala.com\/index.php\/wp-json\/wp\/v2\/comments?post=24"}],"version-history":[{"count":13,"href":"https:\/\/neuropediatriacarratala.com\/index.php\/wp-json\/wp\/v2\/pages\/24\/revisions"}],"predecessor-version":[{"id":119,"href":"https:\/\/neuropediatriacarratala.com\/index.php\/wp-json\/wp\/v2\/pages\/24\/revisions\/119"}],"wp:attachment":[{"href":"https:\/\/neuropediatriacarratala.com\/index.php\/wp-json\/wp\/v2\/media?parent=24"}],"curies":[{"name":"wp","href":"https:\/\/api.w.org\/{rel}","templated":true}]}}